{"id":2580,"date":"2024-10-07T07:36:04","date_gmt":"2024-10-07T07:36:04","guid":{"rendered":"https:\/\/www.anyfion.gr\/datenschutzrichtlinie\/"},"modified":"2025-04-09T11:27:05","modified_gmt":"2025-04-09T11:27:05","slug":"datenschutzrichtlinie","status":"publish","type":"page","link":"https:\/\/www.anyfion.gr\/de\/datenschutzrichtlinie\/","title":{"rendered":"Datenschutzrichtlinie"},"content":{"rendered":"\n<h2 class=\"wp-block-heading\">Wer wir sind<\/h2>\n\n<p>Unsere Website-Adresse lautet:\u00a0https:\/\/www.anyfion.gr<\/p>\n\n<h2 class=\"wp-block-heading\">Kommentare<\/h2>\n\n<p>Wenn Besucher Kommentare auf der Website hinterlassen, erfassen wir die im Kommentarfeld angegebenen Daten sowie die IP-Adresse und den Browser-User-Agent des Besuchers, um Spam zu erkennen.<\/p>\n\n<p>Eine anonymisierte Zeichenfolge, die aus Ihrer E-Mail-Adresse erstellt wurde (auch als Hash bezeichnet), kann dem Gravatar-Dienst zur Verf\u00fcgung gestellt werden, um zu pr\u00fcfen, ob Sie ihn verwenden. Die Datenschutzrichtlinie des Gravatar-Dienstes finden Sie hier:\u00a0https:\/\/automattic.com\/privacy\/. Nach Genehmigung Ihres Kommentars ist Ihr Profilbild im Kontext Ihres Kommentars f\u00fcr die \u00d6ffentlichkeit sichtbar.<\/p>\n\n<h2 class=\"wp-block-heading\">Medien<\/h2>\n\n<p>Wenn Sie Bilder auf die Website hochladen, sollten Sie vermeiden, Bilder mit eingebetteten Standortdaten (EXIF GPS) hochzuladen. Besucher der Website k\u00f6nnen Standortdaten aus Bildern herunterladen und extrahieren.<\/p>\n\n<h2 class=\"wp-block-heading\">Cookies<\/h2>\n\n<p>Wenn Sie einen Kommentar auf unserer Website hinterlassen, k\u00f6nnen Sie ausw\u00e4hlen, ob Ihr Name, Ihre E-Mail-Adresse und Ihre Website in Cookies gespeichert werden sollen. Diese dienen Ihrer Bequemlichkeit, damit Sie Ihre Daten nicht erneut eingeben m\u00fcssen, wenn Sie einen weiteren Kommentar hinterlassen. Diese Cookies bleiben ein Jahr lang g\u00fcltig.<\/p>\n\n<p>Wenn Sie unsere Login-Seite besuchen, setzen wir ein tempor\u00e4res Cookie, um festzustellen, ob Ihr Browser Cookies akzeptiert. Dieses Cookie enth\u00e4lt keine personenbezogenen Daten und wird gel\u00f6scht, wenn Sie Ihren Browser schlie\u00dfen.<\/p>\n\n<p>Wenn Sie sich anmelden, richten wir auch mehrere Cookies ein, um Ihre Login-Informationen und Ihre Anzeigeoptionen zu speichern. Login-Cookies bleiben zwei Tage g\u00fcltig, und Bildschirmoptionen-Cookies bleiben ein Jahr g\u00fcltig. Wenn Sie &#8222;Angemeldet bleiben&#8220; ausw\u00e4hlen, bleibt Ihr Login zwei Wochen lang bestehen. Wenn Sie sich von Ihrem Konto abmelden, werden die Login-Cookies entfernt.<\/p>\n\n<p>Wenn Sie einen Artikel bearbeiten oder ver\u00f6ffentlichen, wird ein zus\u00e4tzliches Cookie in Ihrem Browser gespeichert. Dieses Cookie enth\u00e4lt keine personenbezogenen Daten und zeigt einfach die Post-ID des Artikels an, den Sie gerade bearbeitet haben. Es l\u00e4uft nach einem Tag ab.<\/p>\n\n<h2 class=\"wp-block-heading\">Eingebettete Inhalte von anderen Websites<\/h2>\n\n<p>Artikel auf dieser Website k\u00f6nnen eingebettete Inhalte enthalten (z. B. Videos, Bilder, Artikel usw.). Eingebettete Inhalte von anderen Websites verhalten sich genau so, als h\u00e4tte der Besucher die andere Website besucht.<\/p>\n\n<p>Diese Websites k\u00f6nnen Daten \u00fcber Sie sammeln, Cookies verwenden, zus\u00e4tzliche Drittanbieter-Tracking-Tools einbetten und Ihre Interaktion mit diesem eingebetteten Inhalt \u00fcberwachen, einschlie\u00dflich der Nachverfolgung Ihrer Interaktion mit dem eingebetteten Inhalt, wenn Sie ein Konto haben und auf dieser Website angemeldet sind.<\/p>\n\n<h2 class=\"wp-block-heading\">Mit wem wir Ihre Daten teilen<\/h2>\n\n<p>Wenn Sie eine Passwortzur\u00fccksetzung anfordern, wird Ihre IP-Adresse in die Zur\u00fccksetzungs-E-Mail aufgenommen.<\/p>\n\n<h2 class=\"wp-block-heading\">Wie lange wir Ihre Daten speichern<\/h2>\n\n<p>Wenn Sie einen Kommentar hinterlassen, werden der Kommentar und seine Metadaten auf unbestimmte Zeit gespeichert. Dadurch k\u00f6nnen wir Folgekommentare automatisch erkennen und genehmigen, anstatt sie in eine Moderationswarteschlange zu stellen.<\/p>\n\n<p>F\u00fcr Benutzer, die sich auf unserer Website registrieren (falls vorhanden), speichern wir auch die pers\u00f6nlichen Informationen, die sie in ihrem Benutzerprofil angeben. Alle Benutzer k\u00f6nnen ihre pers\u00f6nlichen Informationen jederzeit anzeigen, bearbeiten oder l\u00f6schen (au\u00dfer dass sie ihren Benutzernamen nicht \u00e4ndern k\u00f6nnen). Website-Administratoren k\u00f6nnen diese Informationen ebenfalls anzeigen und bearbeiten.<\/p>\n\n<h2 class=\"wp-block-heading\">Welche Rechte Sie an Ihren Daten haben<\/h2>\n\n<p>Wenn Sie ein Konto auf dieser Website haben oder Kommentare hinterlassen haben, k\u00f6nnen Sie anfordern, eine exportierte Datei der personenbezogenen Daten, die wir \u00fcber Sie speichern, einschlie\u00dflich aller Daten, die Sie uns bereitgestellt haben, zu erhalten. Sie k\u00f6nnen auch verlangen, dass wir alle personenbezogenen Daten l\u00f6schen, die wir \u00fcber Sie speichern. Dies schlie\u00dft keine Daten ein, die wir aus administrativen, rechtlichen oder Sicherheitsgr\u00fcnden aufbewahren m\u00fcssen.<\/p>\n\n<h2 class=\"wp-block-heading\">Wohin Ihre Daten gesendet werden<\/h2>\n\n<p>Besucherkommentare k\u00f6nnen durch einen automatisierten Spam-Erkennungsdienst \u00fcberpr\u00fcft werden.<\/p>\n","protected":false},"excerpt":{"rendered":"<p>Wer wir sind Unsere Website-Adresse lautet:\u00a0https:\/\/www.anyfion.gr Kommentare Wenn Besucher Kommentare auf der Website hinterlassen, erfassen wir die im Kommentarfeld angegebenen Daten sowie die IP-Adresse und den Browser-User-Agent des Besuchers, um Spam zu erkennen. Eine anonymisierte Zeichenfolge, die aus Ihrer E-Mail-Adresse erstellt wurde (auch als Hash bezeichnet), kann dem Gravatar-Dienst zur Verf\u00fcgung gestellt werden, um zu [&hellip;]<\/p>\n","protected":false},"author":1,"featured_media":0,"parent":0,"menu_order":0,"comment_status":"closed","ping_status":"closed","template":"","meta":{"_acf_changed":false,"footnotes":""},"class_list":["post-2580","page","type-page","status-publish","hentry"],"acf":[],"yoast_head":"<!-- This site is optimized with the Yoast SEO plugin v27.3 - https:\/\/yoast.com\/product\/yoast-seo-wordpress\/ -->\n<title>Datenschutzrichtlinie - ANYFION<\/title>\n<meta name=\"robots\" content=\"index, follow, max-snippet:-1, max-image-preview:large, max-video-preview:-1\" \/>\n<link rel=\"canonical\" href=\"https:\/\/www.anyfion.gr\/de\/datenschutzrichtlinie\/\" \/>\n<meta property=\"og:locale\" content=\"de_DE\" \/>\n<meta property=\"og:type\" content=\"article\" \/>\n<meta property=\"og:title\" content=\"Datenschutzrichtlinie - ANYFION\" \/>\n<meta property=\"og:description\" content=\"Wer wir sind Unsere Website-Adresse lautet:\u00a0https:\/\/www.anyfion.gr Kommentare Wenn Besucher Kommentare auf der Website hinterlassen, erfassen wir die im Kommentarfeld angegebenen Daten sowie die IP-Adresse und den Browser-User-Agent des Besuchers, um Spam zu erkennen. Eine anonymisierte Zeichenfolge, die aus Ihrer E-Mail-Adresse erstellt wurde (auch als Hash bezeichnet), kann dem Gravatar-Dienst zur Verf\u00fcgung gestellt werden, um zu [&hellip;]\" \/>\n<meta property=\"og:url\" content=\"https:\/\/www.anyfion.gr\/de\/datenschutzrichtlinie\/\" \/>\n<meta property=\"og:site_name\" content=\"ANYFION\" \/>\n<meta property=\"article:publisher\" content=\"https:\/\/www.facebook.com\/ANYFION.GREECE\/\" \/>\n<meta property=\"article:modified_time\" content=\"2025-04-09T11:27:05+00:00\" \/>\n<meta property=\"og:image\" content=\"https:\/\/www.anyfion.gr\/wp-content\/uploads\/2024\/12\/photo-dev-1.png\" \/>\n\t<meta property=\"og:image:width\" content=\"1200\" \/>\n\t<meta property=\"og:image:height\" content=\"675\" \/>\n\t<meta property=\"og:image:type\" content=\"image\/png\" \/>\n<meta name=\"twitter:card\" content=\"summary_large_image\" \/>\n<meta name=\"twitter:label1\" content=\"Gesch\u00e4tzte Lesezeit\" \/>\n\t<meta name=\"twitter:data1\" content=\"3\u00a0Minuten\" \/>\n<script type=\"application\/ld+json\" class=\"yoast-schema-graph\">{\"@context\":\"https:\\\/\\\/schema.org\",\"@graph\":[{\"@type\":\"WebPage\",\"@id\":\"https:\\\/\\\/www.anyfion.gr\\\/de\\\/datenschutzrichtlinie\\\/\",\"url\":\"https:\\\/\\\/www.anyfion.gr\\\/de\\\/datenschutzrichtlinie\\\/\",\"name\":\"Datenschutzrichtlinie - ANYFION\",\"isPartOf\":{\"@id\":\"https:\\\/\\\/www.anyfion.gr\\\/de\\\/#website\"},\"datePublished\":\"2024-10-07T07:36:04+00:00\",\"dateModified\":\"2025-04-09T11:27:05+00:00\",\"breadcrumb\":{\"@id\":\"https:\\\/\\\/www.anyfion.gr\\\/de\\\/datenschutzrichtlinie\\\/#breadcrumb\"},\"inLanguage\":\"de\",\"potentialAction\":[{\"@type\":\"ReadAction\",\"target\":[\"https:\\\/\\\/www.anyfion.gr\\\/de\\\/datenschutzrichtlinie\\\/\"]}]},{\"@type\":\"BreadcrumbList\",\"@id\":\"https:\\\/\\\/www.anyfion.gr\\\/de\\\/datenschutzrichtlinie\\\/#breadcrumb\",\"itemListElement\":[{\"@type\":\"ListItem\",\"position\":1,\"name\":\"Home\",\"item\":\"https:\\\/\\\/www.anyfion.gr\\\/de\\\/\"},{\"@type\":\"ListItem\",\"position\":2,\"name\":\"Datenschutzrichtlinie\"}]},{\"@type\":\"WebSite\",\"@id\":\"https:\\\/\\\/www.anyfion.gr\\\/de\\\/#website\",\"url\":\"https:\\\/\\\/www.anyfion.gr\\\/de\\\/\",\"name\":\"ANYFION\",\"description\":\"\",\"publisher\":{\"@id\":\"https:\\\/\\\/www.anyfion.gr\\\/de\\\/#organization\"},\"potentialAction\":[{\"@type\":\"SearchAction\",\"target\":{\"@type\":\"EntryPoint\",\"urlTemplate\":\"https:\\\/\\\/www.anyfion.gr\\\/de\\\/?s={search_term_string}\"},\"query-input\":{\"@type\":\"PropertyValueSpecification\",\"valueRequired\":true,\"valueName\":\"search_term_string\"}}],\"inLanguage\":\"de\"},{\"@type\":\"Organization\",\"@id\":\"https:\\\/\\\/www.anyfion.gr\\\/de\\\/#organization\",\"name\":\"Anyfion\",\"url\":\"https:\\\/\\\/www.anyfion.gr\\\/de\\\/\",\"logo\":{\"@type\":\"ImageObject\",\"inLanguage\":\"de\",\"@id\":\"https:\\\/\\\/www.anyfion.gr\\\/de\\\/#\\\/schema\\\/logo\\\/image\\\/\",\"url\":\"https:\\\/\\\/www.anyfion.gr\\\/wp-content\\\/uploads\\\/2024\\\/10\\\/logo-anyfion.svg\",\"contentUrl\":\"https:\\\/\\\/www.anyfion.gr\\\/wp-content\\\/uploads\\\/2024\\\/10\\\/logo-anyfion.svg\",\"caption\":\"Anyfion\"},\"image\":{\"@id\":\"https:\\\/\\\/www.anyfion.gr\\\/de\\\/#\\\/schema\\\/logo\\\/image\\\/\"},\"sameAs\":[\"https:\\\/\\\/www.facebook.com\\\/ANYFION.GREECE\\\/\"]}]}<\/script>\n<!-- \/ Yoast SEO plugin. -->","yoast_head_json":{"title":"Datenschutzrichtlinie - ANYFION","robots":{"index":"index","follow":"follow","max-snippet":"max-snippet:-1","max-image-preview":"max-image-preview:large","max-video-preview":"max-video-preview:-1"},"canonical":"https:\/\/www.anyfion.gr\/de\/datenschutzrichtlinie\/","og_locale":"de_DE","og_type":"article","og_title":"Datenschutzrichtlinie - ANYFION","og_description":"Wer wir sind Unsere Website-Adresse lautet:\u00a0https:\/\/www.anyfion.gr Kommentare Wenn Besucher Kommentare auf der Website hinterlassen, erfassen wir die im Kommentarfeld angegebenen Daten sowie die IP-Adresse und den Browser-User-Agent des Besuchers, um Spam zu erkennen. Eine anonymisierte Zeichenfolge, die aus Ihrer E-Mail-Adresse erstellt wurde (auch als Hash bezeichnet), kann dem Gravatar-Dienst zur Verf\u00fcgung gestellt werden, um zu [&hellip;]","og_url":"https:\/\/www.anyfion.gr\/de\/datenschutzrichtlinie\/","og_site_name":"ANYFION","article_publisher":"https:\/\/www.facebook.com\/ANYFION.GREECE\/","article_modified_time":"2025-04-09T11:27:05+00:00","og_image":[{"width":1200,"height":675,"url":"https:\/\/www.anyfion.gr\/wp-content\/uploads\/2024\/12\/photo-dev-1.png","type":"image\/png"}],"twitter_card":"summary_large_image","twitter_misc":{"Gesch\u00e4tzte Lesezeit":"3\u00a0Minuten"},"schema":{"@context":"https:\/\/schema.org","@graph":[{"@type":"WebPage","@id":"https:\/\/www.anyfion.gr\/de\/datenschutzrichtlinie\/","url":"https:\/\/www.anyfion.gr\/de\/datenschutzrichtlinie\/","name":"Datenschutzrichtlinie - ANYFION","isPartOf":{"@id":"https:\/\/www.anyfion.gr\/de\/#website"},"datePublished":"2024-10-07T07:36:04+00:00","dateModified":"2025-04-09T11:27:05+00:00","breadcrumb":{"@id":"https:\/\/www.anyfion.gr\/de\/datenschutzrichtlinie\/#breadcrumb"},"inLanguage":"de","potentialAction":[{"@type":"ReadAction","target":["https:\/\/www.anyfion.gr\/de\/datenschutzrichtlinie\/"]}]},{"@type":"BreadcrumbList","@id":"https:\/\/www.anyfion.gr\/de\/datenschutzrichtlinie\/#breadcrumb","itemListElement":[{"@type":"ListItem","position":1,"name":"Home","item":"https:\/\/www.anyfion.gr\/de\/"},{"@type":"ListItem","position":2,"name":"Datenschutzrichtlinie"}]},{"@type":"WebSite","@id":"https:\/\/www.anyfion.gr\/de\/#website","url":"https:\/\/www.anyfion.gr\/de\/","name":"ANYFION","description":"","publisher":{"@id":"https:\/\/www.anyfion.gr\/de\/#organization"},"potentialAction":[{"@type":"SearchAction","target":{"@type":"EntryPoint","urlTemplate":"https:\/\/www.anyfion.gr\/de\/?s={search_term_string}"},"query-input":{"@type":"PropertyValueSpecification","valueRequired":true,"valueName":"search_term_string"}}],"inLanguage":"de"},{"@type":"Organization","@id":"https:\/\/www.anyfion.gr\/de\/#organization","name":"Anyfion","url":"https:\/\/www.anyfion.gr\/de\/","logo":{"@type":"ImageObject","inLanguage":"de","@id":"https:\/\/www.anyfion.gr\/de\/#\/schema\/logo\/image\/","url":"https:\/\/www.anyfion.gr\/wp-content\/uploads\/2024\/10\/logo-anyfion.svg","contentUrl":"https:\/\/www.anyfion.gr\/wp-content\/uploads\/2024\/10\/logo-anyfion.svg","caption":"Anyfion"},"image":{"@id":"https:\/\/www.anyfion.gr\/de\/#\/schema\/logo\/image\/"},"sameAs":["https:\/\/www.facebook.com\/ANYFION.GREECE\/"]}]}},"_links":{"self":[{"href":"https:\/\/www.anyfion.gr\/de\/wp-json\/wp\/v2\/pages\/2580","targetHints":{"allow":["GET"]}}],"collection":[{"href":"https:\/\/www.anyfion.gr\/de\/wp-json\/wp\/v2\/pages"}],"about":[{"href":"https:\/\/www.anyfion.gr\/de\/wp-json\/wp\/v2\/types\/page"}],"author":[{"embeddable":true,"href":"https:\/\/www.anyfion.gr\/de\/wp-json\/wp\/v2\/users\/1"}],"replies":[{"embeddable":true,"href":"https:\/\/www.anyfion.gr\/de\/wp-json\/wp\/v2\/comments?post=2580"}],"version-history":[{"count":1,"href":"https:\/\/www.anyfion.gr\/de\/wp-json\/wp\/v2\/pages\/2580\/revisions"}],"predecessor-version":[{"id":2581,"href":"https:\/\/www.anyfion.gr\/de\/wp-json\/wp\/v2\/pages\/2580\/revisions\/2581"}],"wp:attachment":[{"href":"https:\/\/www.anyfion.gr\/de\/wp-json\/wp\/v2\/media?parent=2580"}],"curies":[{"name":"wp","href":"https:\/\/api.w.org\/{rel}","templated":true}]}}