{"id":2555,"date":"2024-11-15T11:08:35","date_gmt":"2024-11-15T11:08:35","guid":{"rendered":"https:\/\/www.anyfion.gr\/fuer-die-bauern\/agriserve\/"},"modified":"2025-04-09T12:12:18","modified_gmt":"2025-04-09T12:12:18","slug":"agriserve","status":"publish","type":"page","link":"https:\/\/www.anyfion.gr\/de\/fuer-die-bauern\/agriserve\/","title":{"rendered":"AgriServe"},"content":{"rendered":"<div class=\"wp-block-image is-style-default\">\n<figure class=\"aligncenter size-full\"><img loading=\"lazy\" decoding=\"async\" width=\"715\" height=\"311\" src=\"https:\/\/www.anyfion.gr\/wp-content\/uploads\/2024\/10\/b_activity_tab_1.png\" alt=\"\" class=\"wp-image-158\" style=\"object-fit:cover\" srcset=\"https:\/\/www.anyfion.gr\/wp-content\/uploads\/2024\/10\/b_activity_tab_1.png 715w, https:\/\/www.anyfion.gr\/wp-content\/uploads\/2024\/10\/b_activity_tab_1-700x304.png 700w, https:\/\/www.anyfion.gr\/wp-content\/uploads\/2024\/10\/b_activity_tab_1-600x261.png 600w\" sizes=\"auto, (max-width: 715px) 100vw, 715px\" \/><\/figure>\n<\/div>\n<p>AgriServe bietet landwirtschaftliche Dienstleistungen an, die sich auf biologische Anbaumethoden konzentrieren. Mit unserem engagierten Team und moderner Ausr\u00fcstung bieten wir ma\u00dfgeschneiderte L\u00f6sungen zur Verbesserung der Erntequalit\u00e4t und Optimierung der Produktivit\u00e4t auf dem Hof, und tragen gleichzeitig zum Umweltschutz bei.<\/p>\n\n<h2 class=\"wp-block-heading\">Unsere Dienstleistungen<\/h2>\n\n<ul class=\"wp-block-list\">\n<li>Gras m\u00e4hen und Unkrautmanagement<\/li>\n\n\n\n<li>Zerkleinern von beschnittenen \u00c4sten zu organischem Mulch<\/li>\n\n\n\n<li>Anwendung von biologischen Pflanzenschutzmitteln und D\u00fcngemitteln<\/li>\n\n\n\n<li>Bodenbearbeitung<\/li>\n\n\n\n<li>Anlegen von Obstplantagen<\/li>\n\n\n\n<li>Aussaat von j\u00e4hrlichem Gr\u00fcnd\u00fcnger<\/li>\n\n\n\n<li>Baumschnitt und Kronenmanagement<\/li>\n\n\n\n<li>Erntedienstleistungen<\/li>\n<\/ul>\n","protected":false},"excerpt":{"rendered":"<p>AgriServe bietet landwirtschaftliche Dienstleistungen an, die sich auf biologische Anbaumethoden konzentrieren. Mit unserem engagierten Team und moderner Ausr\u00fcstung bieten wir ma\u00dfgeschneiderte L\u00f6sungen zur Verbesserung der Erntequalit\u00e4t und Optimierung der Produktivit\u00e4t auf dem Hof, und tragen gleichzeitig zum Umweltschutz bei. Unsere Dienstleistungen<\/p>\n","protected":false},"author":1,"featured_media":0,"parent":2457,"menu_order":0,"comment_status":"closed","ping_status":"closed","template":"template-agriserve.php","meta":{"_acf_changed":false,"footnotes":""},"class_list":["post-2555","page","type-page","status-publish","hentry"],"acf":[],"yoast_head":"<!-- This site is optimized with the Yoast SEO plugin v27.3 - https:\/\/yoast.com\/product\/yoast-seo-wordpress\/ -->\n<title>AgriServe - ANYFION<\/title>\n<meta name=\"description\" content=\"AgriServe offers agricultural services based on organic farming practices. With our team and equipment, we provide solutions to crop quality\" \/>\n<meta name=\"robots\" content=\"index, follow, max-snippet:-1, max-image-preview:large, max-video-preview:-1\" \/>\n<link rel=\"canonical\" href=\"https:\/\/www.anyfion.gr\/de\/fuer-die-bauern\/agriserve\/\" \/>\n<meta property=\"og:locale\" content=\"de_DE\" \/>\n<meta property=\"og:type\" content=\"article\" \/>\n<meta property=\"og:title\" content=\"AgriServe - ANYFION\" \/>\n<meta property=\"og:description\" content=\"AgriServe offers agricultural services based on organic farming practices. With our team and equipment, we provide solutions to crop quality\" \/>\n<meta property=\"og:url\" content=\"https:\/\/www.anyfion.gr\/de\/fuer-die-bauern\/agriserve\/\" \/>\n<meta property=\"og:site_name\" content=\"ANYFION\" \/>\n<meta property=\"article:publisher\" content=\"https:\/\/www.facebook.com\/ANYFION.GREECE\/\" \/>\n<meta property=\"article:modified_time\" content=\"2025-04-09T12:12:18+00:00\" \/>\n<meta property=\"og:image\" content=\"https:\/\/www.anyfion.gr\/wp-content\/uploads\/2024\/10\/b_activity_tab_1.png\" \/>\n<meta name=\"twitter:card\" content=\"summary_large_image\" \/>\n<meta name=\"twitter:label1\" content=\"Gesch\u00e4tzte Lesezeit\" \/>\n\t<meta name=\"twitter:data1\" content=\"1\u00a0Minute\" \/>\n<script type=\"application\/ld+json\" class=\"yoast-schema-graph\">{\"@context\":\"https:\\\/\\\/schema.org\",\"@graph\":[{\"@type\":\"WebPage\",\"@id\":\"https:\\\/\\\/www.anyfion.gr\\\/de\\\/fuer-die-bauern\\\/agriserve\\\/\",\"url\":\"https:\\\/\\\/www.anyfion.gr\\\/de\\\/fuer-die-bauern\\\/agriserve\\\/\",\"name\":\"AgriServe - ANYFION\",\"isPartOf\":{\"@id\":\"https:\\\/\\\/www.anyfion.gr\\\/de\\\/#website\"},\"primaryImageOfPage\":{\"@id\":\"https:\\\/\\\/www.anyfion.gr\\\/de\\\/fuer-die-bauern\\\/agriserve\\\/#primaryimage\"},\"image\":{\"@id\":\"https:\\\/\\\/www.anyfion.gr\\\/de\\\/fuer-die-bauern\\\/agriserve\\\/#primaryimage\"},\"thumbnailUrl\":\"https:\\\/\\\/www.anyfion.gr\\\/wp-content\\\/uploads\\\/2024\\\/10\\\/b_activity_tab_1.png\",\"datePublished\":\"2024-11-15T11:08:35+00:00\",\"dateModified\":\"2025-04-09T12:12:18+00:00\",\"description\":\"AgriServe offers agricultural services based on organic farming practices. With our team and equipment, we provide solutions to crop quality\",\"breadcrumb\":{\"@id\":\"https:\\\/\\\/www.anyfion.gr\\\/de\\\/fuer-die-bauern\\\/agriserve\\\/#breadcrumb\"},\"inLanguage\":\"de\",\"potentialAction\":[{\"@type\":\"ReadAction\",\"target\":[\"https:\\\/\\\/www.anyfion.gr\\\/de\\\/fuer-die-bauern\\\/agriserve\\\/\"]}]},{\"@type\":\"ImageObject\",\"inLanguage\":\"de\",\"@id\":\"https:\\\/\\\/www.anyfion.gr\\\/de\\\/fuer-die-bauern\\\/agriserve\\\/#primaryimage\",\"url\":\"https:\\\/\\\/www.anyfion.gr\\\/wp-content\\\/uploads\\\/2024\\\/10\\\/b_activity_tab_1.png\",\"contentUrl\":\"https:\\\/\\\/www.anyfion.gr\\\/wp-content\\\/uploads\\\/2024\\\/10\\\/b_activity_tab_1.png\"},{\"@type\":\"BreadcrumbList\",\"@id\":\"https:\\\/\\\/www.anyfion.gr\\\/de\\\/fuer-die-bauern\\\/agriserve\\\/#breadcrumb\",\"itemListElement\":[{\"@type\":\"ListItem\",\"position\":1,\"name\":\"Home\",\"item\":\"https:\\\/\\\/www.anyfion.gr\\\/de\\\/\"},{\"@type\":\"ListItem\",\"position\":2,\"name\":\"F\u00fcr die Bauern\",\"item\":\"https:\\\/\\\/www.anyfion.gr\\\/de\\\/fuer-die-bauern\\\/\"},{\"@type\":\"ListItem\",\"position\":3,\"name\":\"AgriServe\"}]},{\"@type\":\"WebSite\",\"@id\":\"https:\\\/\\\/www.anyfion.gr\\\/de\\\/#website\",\"url\":\"https:\\\/\\\/www.anyfion.gr\\\/de\\\/\",\"name\":\"ANYFION\",\"description\":\"\",\"publisher\":{\"@id\":\"https:\\\/\\\/www.anyfion.gr\\\/de\\\/#organization\"},\"potentialAction\":[{\"@type\":\"SearchAction\",\"target\":{\"@type\":\"EntryPoint\",\"urlTemplate\":\"https:\\\/\\\/www.anyfion.gr\\\/de\\\/?s={search_term_string}\"},\"query-input\":{\"@type\":\"PropertyValueSpecification\",\"valueRequired\":true,\"valueName\":\"search_term_string\"}}],\"inLanguage\":\"de\"},{\"@type\":\"Organization\",\"@id\":\"https:\\\/\\\/www.anyfion.gr\\\/de\\\/#organization\",\"name\":\"Anyfion\",\"url\":\"https:\\\/\\\/www.anyfion.gr\\\/de\\\/\",\"logo\":{\"@type\":\"ImageObject\",\"inLanguage\":\"de\",\"@id\":\"https:\\\/\\\/www.anyfion.gr\\\/de\\\/#\\\/schema\\\/logo\\\/image\\\/\",\"url\":\"https:\\\/\\\/www.anyfion.gr\\\/wp-content\\\/uploads\\\/2024\\\/10\\\/logo-anyfion.svg\",\"contentUrl\":\"https:\\\/\\\/www.anyfion.gr\\\/wp-content\\\/uploads\\\/2024\\\/10\\\/logo-anyfion.svg\",\"caption\":\"Anyfion\"},\"image\":{\"@id\":\"https:\\\/\\\/www.anyfion.gr\\\/de\\\/#\\\/schema\\\/logo\\\/image\\\/\"},\"sameAs\":[\"https:\\\/\\\/www.facebook.com\\\/ANYFION.GREECE\\\/\"]}]}<\/script>\n<!-- \/ Yoast SEO plugin. -->","yoast_head_json":{"title":"AgriServe - ANYFION","description":"AgriServe offers agricultural services based on organic farming practices. With our team and equipment, we provide solutions to crop quality","robots":{"index":"index","follow":"follow","max-snippet":"max-snippet:-1","max-image-preview":"max-image-preview:large","max-video-preview":"max-video-preview:-1"},"canonical":"https:\/\/www.anyfion.gr\/de\/fuer-die-bauern\/agriserve\/","og_locale":"de_DE","og_type":"article","og_title":"AgriServe - ANYFION","og_description":"AgriServe offers agricultural services based on organic farming practices. With our team and equipment, we provide solutions to crop quality","og_url":"https:\/\/www.anyfion.gr\/de\/fuer-die-bauern\/agriserve\/","og_site_name":"ANYFION","article_publisher":"https:\/\/www.facebook.com\/ANYFION.GREECE\/","article_modified_time":"2025-04-09T12:12:18+00:00","og_image":[{"url":"https:\/\/www.anyfion.gr\/wp-content\/uploads\/2024\/10\/b_activity_tab_1.png","type":"","width":"","height":""}],"twitter_card":"summary_large_image","twitter_misc":{"Gesch\u00e4tzte Lesezeit":"1\u00a0Minute"},"schema":{"@context":"https:\/\/schema.org","@graph":[{"@type":"WebPage","@id":"https:\/\/www.anyfion.gr\/de\/fuer-die-bauern\/agriserve\/","url":"https:\/\/www.anyfion.gr\/de\/fuer-die-bauern\/agriserve\/","name":"AgriServe - ANYFION","isPartOf":{"@id":"https:\/\/www.anyfion.gr\/de\/#website"},"primaryImageOfPage":{"@id":"https:\/\/www.anyfion.gr\/de\/fuer-die-bauern\/agriserve\/#primaryimage"},"image":{"@id":"https:\/\/www.anyfion.gr\/de\/fuer-die-bauern\/agriserve\/#primaryimage"},"thumbnailUrl":"https:\/\/www.anyfion.gr\/wp-content\/uploads\/2024\/10\/b_activity_tab_1.png","datePublished":"2024-11-15T11:08:35+00:00","dateModified":"2025-04-09T12:12:18+00:00","description":"AgriServe offers agricultural services based on organic farming practices. With our team and equipment, we provide solutions to crop quality","breadcrumb":{"@id":"https:\/\/www.anyfion.gr\/de\/fuer-die-bauern\/agriserve\/#breadcrumb"},"inLanguage":"de","potentialAction":[{"@type":"ReadAction","target":["https:\/\/www.anyfion.gr\/de\/fuer-die-bauern\/agriserve\/"]}]},{"@type":"ImageObject","inLanguage":"de","@id":"https:\/\/www.anyfion.gr\/de\/fuer-die-bauern\/agriserve\/#primaryimage","url":"https:\/\/www.anyfion.gr\/wp-content\/uploads\/2024\/10\/b_activity_tab_1.png","contentUrl":"https:\/\/www.anyfion.gr\/wp-content\/uploads\/2024\/10\/b_activity_tab_1.png"},{"@type":"BreadcrumbList","@id":"https:\/\/www.anyfion.gr\/de\/fuer-die-bauern\/agriserve\/#breadcrumb","itemListElement":[{"@type":"ListItem","position":1,"name":"Home","item":"https:\/\/www.anyfion.gr\/de\/"},{"@type":"ListItem","position":2,"name":"F\u00fcr die Bauern","item":"https:\/\/www.anyfion.gr\/de\/fuer-die-bauern\/"},{"@type":"ListItem","position":3,"name":"AgriServe"}]},{"@type":"WebSite","@id":"https:\/\/www.anyfion.gr\/de\/#website","url":"https:\/\/www.anyfion.gr\/de\/","name":"ANYFION","description":"","publisher":{"@id":"https:\/\/www.anyfion.gr\/de\/#organization"},"potentialAction":[{"@type":"SearchAction","target":{"@type":"EntryPoint","urlTemplate":"https:\/\/www.anyfion.gr\/de\/?s={search_term_string}"},"query-input":{"@type":"PropertyValueSpecification","valueRequired":true,"valueName":"search_term_string"}}],"inLanguage":"de"},{"@type":"Organization","@id":"https:\/\/www.anyfion.gr\/de\/#organization","name":"Anyfion","url":"https:\/\/www.anyfion.gr\/de\/","logo":{"@type":"ImageObject","inLanguage":"de","@id":"https:\/\/www.anyfion.gr\/de\/#\/schema\/logo\/image\/","url":"https:\/\/www.anyfion.gr\/wp-content\/uploads\/2024\/10\/logo-anyfion.svg","contentUrl":"https:\/\/www.anyfion.gr\/wp-content\/uploads\/2024\/10\/logo-anyfion.svg","caption":"Anyfion"},"image":{"@id":"https:\/\/www.anyfion.gr\/de\/#\/schema\/logo\/image\/"},"sameAs":["https:\/\/www.facebook.com\/ANYFION.GREECE\/"]}]}},"_links":{"self":[{"href":"https:\/\/www.anyfion.gr\/de\/wp-json\/wp\/v2\/pages\/2555","targetHints":{"allow":["GET"]}}],"collection":[{"href":"https:\/\/www.anyfion.gr\/de\/wp-json\/wp\/v2\/pages"}],"about":[{"href":"https:\/\/www.anyfion.gr\/de\/wp-json\/wp\/v2\/types\/page"}],"author":[{"embeddable":true,"href":"https:\/\/www.anyfion.gr\/de\/wp-json\/wp\/v2\/users\/1"}],"replies":[{"embeddable":true,"href":"https:\/\/www.anyfion.gr\/de\/wp-json\/wp\/v2\/comments?post=2555"}],"version-history":[{"count":3,"href":"https:\/\/www.anyfion.gr\/de\/wp-json\/wp\/v2\/pages\/2555\/revisions"}],"predecessor-version":[{"id":2594,"href":"https:\/\/www.anyfion.gr\/de\/wp-json\/wp\/v2\/pages\/2555\/revisions\/2594"}],"up":[{"embeddable":true,"href":"https:\/\/www.anyfion.gr\/de\/wp-json\/wp\/v2\/pages\/2457"}],"wp:attachment":[{"href":"https:\/\/www.anyfion.gr\/de\/wp-json\/wp\/v2\/media?parent=2555"}],"curies":[{"name":"wp","href":"https:\/\/api.w.org\/{rel}","templated":true}]}}