{"id":2461,"date":"2024-11-14T10:44:09","date_gmt":"2024-11-14T10:44:09","guid":{"rendered":"https:\/\/www.anyfion.gr\/kontaktieren-sie-uns\/"},"modified":"2025-05-28T13:31:41","modified_gmt":"2025-05-28T13:31:41","slug":"kontaktieren-sie-uns","status":"publish","type":"page","link":"https:\/\/www.anyfion.gr\/de\/kontaktieren-sie-uns\/","title":{"rendered":"Kontaktieren Sie uns"},"content":{"rendered":"<div class=\"wpforms-container wpforms-container-full wpforms-block wpforms-block-7ebc55eb-17af-494f-816e-421d02fbad0b wpforms-render-modern\" id=\"wpforms-969\"><form id=\"wpforms-form-969\" class=\"wpforms-validate wpforms-form wpforms-ajax-form\" data-formid=\"969\" method=\"post\" enctype=\"multipart\/form-data\" action=\"\/de\/wp-json\/wp\/v2\/pages\/2461\" data-token=\"6917c2e05af6048f7a6a127eba527e69\" data-token-time=\"1776523620\"><noscript class=\"wpforms-error-noscript\">Bitte aktiviere JavaScript in deinem Browser, um dieses Formular fertigzustellen.<\/noscript><div id=\"wpforms-error-noscript\" style=\"display: none;\">Bitte aktiviere JavaScript in deinem Browser, um dieses Formular fertigzustellen.<\/div><div class=\"wpforms-field-container\"><div class=\"wpforms-page wpforms-page-1 \" data-page=\"1\"><div id=\"wpforms-969-field_5-container\" class=\"wpforms-field wpforms-field-pagebreak\" data-field-id=\"5\"><\/div><div id=\"wpforms-969-field_10-container\" class=\"wpforms-field wpforms-field-select wpforms-field-select-style-classic\" data-field-id=\"10\"><label class=\"wpforms-field-label\" for=\"wpforms-969-field_10\">Wie k\u00f6nnen wir Ihnen helfen?<\/label><select id=\"wpforms-969-field_10\" class=\"wpforms-field-large\" name=\"wpforms[fields][10]\"><option value=\"\" class=\"placeholder\" disabled  selected='selected'>W\u00e4hlen Sie eine der Optionen<\/option><option value=\"Ich interessiere mich f\u00fcr den Kauf frischer Produkte.\"  class=\"choice-1 depth-1\"  >Ich interessiere mich f\u00fcr den Kauf frischer Produkte.<\/option><option value=\"Ich interessiere mich f\u00fcr den Kauf verarbeiteter Produkte.\"  class=\"choice-2 depth-1\"  >Ich interessiere mich f\u00fcr den Kauf verarbeiteter Produkte.<\/option><option value=\"Ich interessiere mich f\u00fcr AgriShop-Produkte (D\u00fcnger, Pflanzenschutzmittel).\"  class=\"choice-3 depth-1\"  >Ich interessiere mich f\u00fcr AgriShop-Produkte (D\u00fcnger, Pflanzenschutzmittel).<\/option><option value=\"Ich interessiere mich f\u00fcr AgriServe-Dienstleistungen (Kultivierungsarbeiten)\"  class=\"choice-4 depth-1\"  >Ich interessiere mich f\u00fcr AgriServe-Dienstleistungen (Kultivierungsarbeiten)<\/option><option value=\"Ich m\u00f6chte mit ANYFION als Lieferant zusammenarbeiten.\"  class=\"choice-6 depth-1\"  >Ich m\u00f6chte mit ANYFION als Lieferant zusammenarbeiten.<\/option><option value=\"Ich m\u00f6chte Gesch\u00e4ftspartnerschaften er\u00f6rtern.\"  class=\"choice-5 depth-1\"  >Ich m\u00f6chte Gesch\u00e4ftspartnerschaften er\u00f6rtern.<\/option><option value=\"Andere (bitte angeben).\"  class=\"choice-7 depth-1\"  >Andere (bitte angeben).<\/option><\/select><div id=\"wpforms-969-field_10-description\" class=\"wpforms-field-description\">W\u00e4hlen Sie eine der Optionen<\/div><\/div><div id=\"wpforms-969-field_11-container\" class=\"wpforms-field wpforms-field-radio wpforms-conditional-trigger\" data-field-id=\"11\"><fieldset><legend class=\"wpforms-field-label\">F\u00fcr welche Produkte oder Dienstleistungen interessieren Sie sich?<\/legend><ul id=\"wpforms-969-field_11\"><li class=\"choice-1 depth-1\"><input type=\"radio\" id=\"wpforms-969-field_11_1\" name=\"wpforms[fields][11]\" value=\"Frische Produkte: Orangen, Clementinen, Zitronen, Grapefruits, Avocados, Kakis, Granat\u00e4pfel, Kiwis, usw.\" aria-errormessage=\"wpforms-969-field_11_1-error\" aria-describedby=\"wpforms-969-field_11-description\"  ><label class=\"wpforms-field-label-inline\" for=\"wpforms-969-field_11_1\">Frische Produkte: Orangen, Clementinen, Zitronen, Grapefruits, Avocados, Kakis, Granat\u00e4pfel, Kiwis, usw.<\/label><\/li><li class=\"choice-2 depth-1\"><input type=\"radio\" id=\"wpforms-969-field_11_2\" name=\"wpforms[fields][11]\" value=\"Verarbeitete Produkte: Honig, Oliven, Oliven\u00f6l, Kr\u00e4uter.\" aria-errormessage=\"wpforms-969-field_11_2-error\" aria-describedby=\"wpforms-969-field_11-description\"  ><label class=\"wpforms-field-label-inline\" for=\"wpforms-969-field_11_2\">Verarbeitete Produkte: Honig, Oliven, Oliven\u00f6l, Kr\u00e4uter.<\/label><\/li><li class=\"choice-3 depth-1\"><input type=\"radio\" id=\"wpforms-969-field_11_3\" name=\"wpforms[fields][11]\" value=\"AgriShop: D\u00fcnger, Pflanzenschutzmittel, Eigenmarkenprodukte.\" aria-errormessage=\"wpforms-969-field_11_3-error\" aria-describedby=\"wpforms-969-field_11-description\"  ><label class=\"wpforms-field-label-inline\" for=\"wpforms-969-field_11_3\">AgriShop: D\u00fcnger, Pflanzenschutzmittel, Eigenmarkenprodukte.<\/label><\/li><li class=\"choice-4 depth-1\"><input type=\"radio\" id=\"wpforms-969-field_11_4\" name=\"wpforms[fields][11]\" value=\"AgriServe: Kultivierungsarbeiten, Saisonale Unterst\u00fctzung, Spezialisierte landwirtschaftliche Hilfe.\" aria-errormessage=\"wpforms-969-field_11_4-error\" aria-describedby=\"wpforms-969-field_11-description\"  ><label class=\"wpforms-field-label-inline\" for=\"wpforms-969-field_11_4\">AgriServe: Kultivierungsarbeiten, Saisonale Unterst\u00fctzung, Spezialisierte landwirtschaftliche Hilfe.<\/label><\/li><li class=\"choice-6 depth-1\"><input type=\"radio\" id=\"wpforms-969-field_11_6\" name=\"wpforms[fields][11]\" value=\"Produktentwicklung und Anpassung: Ma\u00dfgeschneiderte L\u00f6sungen f\u00fcr Ihre speziellen Bed\u00fcrfnisse.\" aria-errormessage=\"wpforms-969-field_11_6-error\" aria-describedby=\"wpforms-969-field_11-description\"  ><label class=\"wpforms-field-label-inline\" for=\"wpforms-969-field_11_6\">Produktentwicklung und Anpassung: Ma\u00dfgeschneiderte L\u00f6sungen f\u00fcr Ihre speziellen Bed\u00fcrfnisse.<\/label><\/li><li class=\"choice-5 depth-1\"><input type=\"radio\" id=\"wpforms-969-field_11_5\" name=\"wpforms[fields][11]\" value=\"Andere (bitte angeben).\" aria-errormessage=\"wpforms-969-field_11_5-error\" aria-describedby=\"wpforms-969-field_11-description\"  ><label class=\"wpforms-field-label-inline\" for=\"wpforms-969-field_11_5\">Andere (bitte angeben).<\/label><\/li><\/ul><div id=\"wpforms-969-field_11-description\" class=\"wpforms-field-description\">W\u00e4hlen Sie eine der Optionen<\/div><\/fieldset><\/div>\t\t<div id=\"wpforms-969-field_1-container\"\n\t\t\tclass=\"wpforms-field wpforms-field-text\"\n\t\t\tdata-field-type=\"text\"\n\t\t\tdata-field-id=\"1\"\n\t\t\t>\n\t\t\t<label class=\"wpforms-field-label\" for=\"wpforms-969-field_1\" >Sie ist k\u00f6nnen<\/label>\n\t\t\t<input type=\"text\" id=\"wpforms-969-field_1\" class=\"wpforms-field-medium\" name=\"wpforms[fields][1]\" >\n\t\t<\/div>\n\t\t<div id=\"wpforms-969-field_21-container\" class=\"wpforms-field wpforms-field-textarea wpforms-conditional-field wpforms-conditional-show\" data-field-id=\"21\" style=\"display:none;\"><label class=\"wpforms-field-label\" for=\"wpforms-969-field_21\">Andere (bitte angeben).<\/label><textarea id=\"wpforms-969-field_21\" class=\"wpforms-field-medium\" name=\"wpforms[fields][21]\" aria-errormessage=\"wpforms-969-field_21-error\" aria-describedby=\"wpforms-969-field_21-description\" ><\/textarea><div id=\"wpforms-969-field_21-description\" class=\"wpforms-field-description\">Products or services are you most interested in<\/div><\/div><div id=\"wpforms-969-field_12-container\" class=\"wpforms-field wpforms-field-select wpforms-field-select-style-classic\" data-field-id=\"12\"><label class=\"wpforms-field-label\" for=\"wpforms-969-field_12\">Was ist die Art Ihres Gesch\u00e4fts?\n<\/label><select id=\"wpforms-969-field_12\" class=\"wpforms-field-large\" name=\"wpforms[fields][12]\"><option value=\"\" class=\"placeholder\" disabled  selected='selected'>W\u00e4hlen Sie eine der Optionen<\/option><option value=\"Wholesale distributor.\"  class=\"choice-1 depth-1\"  >Wholesale distributor.<\/option><option value=\"Retailer.\"  class=\"choice-2 depth-1\"  >Retailer.<\/option><option value=\"Food service provider.\"  class=\"choice-3 depth-1\"  >Food service provider.<\/option><option value=\"Importer\/Exporter.\"  class=\"choice-4 depth-1\"  >Importer\/Exporter.<\/option><option value=\"Farmer\/Producer.\"  class=\"choice-6 depth-1\"  >Farmer\/Producer.<\/option><option value=\"Andere (bitte angeben).\"  class=\"choice-5 depth-1\"  >Andere (bitte angeben).<\/option><\/select><div id=\"wpforms-969-field_12-description\" class=\"wpforms-field-description\">W\u00e4hlen Sie eine der Optionen<\/div><\/div><div id=\"wpforms-969-field_4-container\" class=\"wpforms-field wpforms-field-pagebreak\" data-field-id=\"4\"><div class=\"wpforms-clear wpforms-pagebreak-left\"><button class=\"wpforms-page-button wpforms-page-next wpforms-disabled\"\n\t\t\t\t\tdata-action=\"next\" data-page=\"1\" data-formid=\"969\" aria-disabled=\"true\" aria-describedby=\"wpforms-error-noscript\">N\u00e4chste Fragen\n<\/button><\/div><\/div><\/div><div class=\"wpforms-page wpforms-page-2 last \" data-page=\"2\" style=\"display:none;\"><div id=\"wpforms-969-field_13-container\" class=\"wpforms-field wpforms-field-layout\" data-field-id=\"13\"><div class=\"wpforms-field-layout-rows wpforms-field-large\"><div class=\"wpforms-layout-row\"><div class=\"wpforms-layout-column wpforms-layout-column-50\"><div id=\"wpforms-969-field_14-container\" class=\"wpforms-field wpforms-field-name\" data-field-id=\"14\"><label class=\"wpforms-field-label\" for=\"wpforms-969-field_14\">Vollst\u00e4ndiger Name <span class=\"wpforms-required-label\" aria-hidden=\"true\">*<\/span><\/label><input type=\"text\" id=\"wpforms-969-field_14\" class=\"wpforms-field-medium wpforms-field-required\" name=\"wpforms[fields][14]\" aria-errormessage=\"wpforms-969-field_14-error\" aria-describedby=\"wpforms-969-field_14-description\" required><div id=\"wpforms-969-field_14-description\" class=\"wpforms-field-description\">Ihr vollst\u00e4ndiger Name.<\/div><\/div><\/div><div class=\"wpforms-layout-column wpforms-layout-column-50\"><div id=\"wpforms-969-field_15-container\" class=\"wpforms-field wpforms-field-name\" data-field-id=\"15\"><label class=\"wpforms-field-label\" for=\"wpforms-969-field_15\">Name der Firma * <span class=\"wpforms-required-label\" aria-hidden=\"true\">*<\/span><\/label><input type=\"text\" id=\"wpforms-969-field_15\" class=\"wpforms-field-medium wpforms-field-required\" name=\"wpforms[fields][15]\" aria-errormessage=\"wpforms-969-field_15-error\" aria-describedby=\"wpforms-969-field_15-description\" required><div id=\"wpforms-969-field_15-description\" class=\"wpforms-field-description\">Ihr Firmenname.\n<\/div><\/div><\/div><\/div><div class=\"wpforms-layout-row\"><div class=\"wpforms-layout-column wpforms-layout-column-50\"><div id=\"wpforms-969-field_17-container\" class=\"wpforms-field wpforms-field-email\" data-field-id=\"17\"><label class=\"wpforms-field-label\" for=\"wpforms-969-field_17\">E-Mail Adresse <span class=\"wpforms-required-label\" aria-hidden=\"true\">*<\/span><\/label><input type=\"email\" id=\"wpforms-969-field_17\" class=\"wpforms-field-medium wpforms-field-required\" name=\"wpforms[fields][17]\" spellcheck=\"false\" aria-errormessage=\"wpforms-969-field_17-error\" aria-describedby=\"wpforms-969-field_17-description\" required><div id=\"wpforms-969-field_17-description\" class=\"wpforms-field-description\">Ihre E-Mail-Adresse.<\/div><\/div><\/div><div class=\"wpforms-layout-column wpforms-layout-column-50\"><div id=\"wpforms-969-field_19-container\" class=\"wpforms-field wpforms-field-phone\" data-field-id=\"19\"><label class=\"wpforms-field-label\" for=\"wpforms-969-field_19\">Telefonnummer<\/label><input type=\"tel\" id=\"wpforms-969-field_19\" class=\"wpforms-field-medium wpforms-smart-phone-field\" data-rule-smart-phone-field=\"true\" name=\"wpforms[fields][19]\" placeholder=\" \" aria-label=\"Telefonnummer\" aria-errormessage=\"wpforms-969-field_19-error\" aria-describedby=\"wpforms-969-field_19-description\" ><div id=\"wpforms-969-field_19-description\" class=\"wpforms-field-description\">Ihre Telefonnummer<\/div><\/div><\/div><\/div><\/div><\/div><div id=\"wpforms-969-field_18-container\" class=\"wpforms-field wpforms-field-textarea\" data-field-id=\"18\"><label class=\"wpforms-field-label\" for=\"wpforms-969-field_18\">Zus\u00e4tzliche Hinweise\/Kommentare\n<\/label><textarea id=\"wpforms-969-field_18\" class=\"wpforms-field-medium\" name=\"wpforms[fields][18]\" aria-errormessage=\"wpforms-969-field_18-error\" aria-describedby=\"wpforms-969-field_18-description\" ><\/textarea><div id=\"wpforms-969-field_18-description\" class=\"wpforms-field-description\">Ihre zus\u00e4tzlichen Anmerkungen\/Kommentare\n<\/div><\/div><div id=\"wpforms-969-field_6-container\" class=\"wpforms-field wpforms-field-pagebreak\" data-field-id=\"6\"><div class=\"wpforms-clear wpforms-pagebreak-left\"><button class=\"wpforms-page-button wpforms-page-prev wpforms-disabled\"\n\t\t\t\t\tdata-action=\"prev\" data-page=\"2\" data-formid=\"969\" aria-disabled=\"true\" aria-describedby=\"wpforms-error-noscript\">Vorherige Fragen<\/button><\/div><\/div><\/div><script>\n\t\t\t\t( function() {\n\t\t\t\t\tconst style = document.createElement( 'style' );\n\t\t\t\t\tstyle.appendChild( document.createTextNode( '#wpforms-969-field_1-container { position: absolute !important; overflow: hidden !important; display: inline !important; height: 1px !important; width: 1px !important; z-index: -1000 !important; padding: 0 !important; } #wpforms-969-field_1-container input { visibility: hidden; } #wpforms-conversational-form-page #wpforms-969-field_1-container label { counter-increment: none; }' ) );\n\t\t\t\t\tdocument.head.appendChild( style );\n\t\t\t\t\tdocument.currentScript?.remove();\n\t\t\t\t} )();\n\t\t\t<\/script><\/div><!-- .wpforms-field-container --><div class=\"wpforms-recaptcha-container wpforms-is-recaptcha wpforms-is-recaptcha-type-v3\" style=\"display:none;\"><input type=\"hidden\" name=\"wpforms[recaptcha]\" value=\"\"><\/div><div class=\"wpforms-submit-container\" style=\"display:none;\"><input type=\"hidden\" name=\"wpforms[id]\" value=\"969\"><input type=\"hidden\" name=\"page_title\" value=\"\"><input type=\"hidden\" name=\"page_url\" value=\"https:\/\/www.anyfion.gr\/de\/wp-json\/wp\/v2\/pages\/2461\"><input type=\"hidden\" name=\"url_referer\" value=\"\"><button type=\"submit\" name=\"wpforms[submit]\" id=\"wpforms-submit-969\" class=\"wpforms-submit\" data-alt-text=\"Senden...\n\" data-submit-text=\"Senden\" aria-live=\"assertive\" value=\"wpforms-submit\">Senden<\/button><img loading=\"lazy\" decoding=\"async\" src=\"https:\/\/www.anyfion.gr\/wp-content\/plugins\/wpforms\/assets\/images\/submit-spin.svg\" class=\"wpforms-submit-spinner\" style=\"display: none;\" width=\"26\" height=\"26\" alt=\"Wird geladen\"><\/div><\/form><\/div>  <!-- .wpforms-container -->","protected":false},"excerpt":{"rendered":"","protected":false},"author":1,"featured_media":0,"parent":0,"menu_order":0,"comment_status":"closed","ping_status":"closed","template":"template-contact.php","meta":{"_acf_changed":false,"footnotes":""},"class_list":["post-2461","page","type-page","status-publish","hentry"],"acf":[],"yoast_head":"<!-- This site is optimized with the Yoast SEO plugin v27.3 - https:\/\/yoast.com\/product\/yoast-seo-wordpress\/ -->\n<title>Kontaktieren Sie uns - ANYFION<\/title>\n<meta name=\"robots\" content=\"index, follow, max-snippet:-1, max-image-preview:large, max-video-preview:-1\" \/>\n<link rel=\"canonical\" href=\"https:\/\/www.anyfion.gr\/de\/kontaktieren-sie-uns\/\" \/>\n<meta property=\"og:locale\" content=\"de_DE\" \/>\n<meta property=\"og:type\" content=\"article\" \/>\n<meta property=\"og:title\" content=\"Kontaktieren Sie uns - ANYFION\" \/>\n<meta property=\"og:url\" content=\"https:\/\/www.anyfion.gr\/de\/kontaktieren-sie-uns\/\" \/>\n<meta property=\"og:site_name\" content=\"ANYFION\" \/>\n<meta property=\"article:publisher\" content=\"https:\/\/www.facebook.com\/ANYFION.GREECE\/\" \/>\n<meta property=\"article:modified_time\" content=\"2025-05-28T13:31:41+00:00\" \/>\n<meta property=\"og:image\" content=\"https:\/\/www.anyfion.gr\/wp-content\/uploads\/2024\/12\/photo-dev-1.png\" \/>\n\t<meta property=\"og:image:width\" content=\"1200\" \/>\n\t<meta property=\"og:image:height\" content=\"675\" \/>\n\t<meta property=\"og:image:type\" content=\"image\/png\" \/>\n<meta name=\"twitter:card\" content=\"summary_large_image\" \/>\n<script type=\"application\/ld+json\" class=\"yoast-schema-graph\">{\"@context\":\"https:\\\/\\\/schema.org\",\"@graph\":[{\"@type\":\"WebPage\",\"@id\":\"https:\\\/\\\/www.anyfion.gr\\\/de\\\/kontaktieren-sie-uns\\\/\",\"url\":\"https:\\\/\\\/www.anyfion.gr\\\/de\\\/kontaktieren-sie-uns\\\/\",\"name\":\"Kontaktieren Sie uns - ANYFION\",\"isPartOf\":{\"@id\":\"https:\\\/\\\/www.anyfion.gr\\\/de\\\/#website\"},\"datePublished\":\"2024-11-14T10:44:09+00:00\",\"dateModified\":\"2025-05-28T13:31:41+00:00\",\"breadcrumb\":{\"@id\":\"https:\\\/\\\/www.anyfion.gr\\\/de\\\/kontaktieren-sie-uns\\\/#breadcrumb\"},\"inLanguage\":\"de\",\"potentialAction\":[{\"@type\":\"ReadAction\",\"target\":[\"https:\\\/\\\/www.anyfion.gr\\\/de\\\/kontaktieren-sie-uns\\\/\"]}]},{\"@type\":\"BreadcrumbList\",\"@id\":\"https:\\\/\\\/www.anyfion.gr\\\/de\\\/kontaktieren-sie-uns\\\/#breadcrumb\",\"itemListElement\":[{\"@type\":\"ListItem\",\"position\":1,\"name\":\"Home\",\"item\":\"https:\\\/\\\/www.anyfion.gr\\\/de\\\/\"},{\"@type\":\"ListItem\",\"position\":2,\"name\":\"Kontaktieren Sie uns\"}]},{\"@type\":\"WebSite\",\"@id\":\"https:\\\/\\\/www.anyfion.gr\\\/de\\\/#website\",\"url\":\"https:\\\/\\\/www.anyfion.gr\\\/de\\\/\",\"name\":\"ANYFION\",\"description\":\"\",\"publisher\":{\"@id\":\"https:\\\/\\\/www.anyfion.gr\\\/de\\\/#organization\"},\"potentialAction\":[{\"@type\":\"SearchAction\",\"target\":{\"@type\":\"EntryPoint\",\"urlTemplate\":\"https:\\\/\\\/www.anyfion.gr\\\/de\\\/?s={search_term_string}\"},\"query-input\":{\"@type\":\"PropertyValueSpecification\",\"valueRequired\":true,\"valueName\":\"search_term_string\"}}],\"inLanguage\":\"de\"},{\"@type\":\"Organization\",\"@id\":\"https:\\\/\\\/www.anyfion.gr\\\/de\\\/#organization\",\"name\":\"Anyfion\",\"url\":\"https:\\\/\\\/www.anyfion.gr\\\/de\\\/\",\"logo\":{\"@type\":\"ImageObject\",\"inLanguage\":\"de\",\"@id\":\"https:\\\/\\\/www.anyfion.gr\\\/de\\\/#\\\/schema\\\/logo\\\/image\\\/\",\"url\":\"https:\\\/\\\/www.anyfion.gr\\\/wp-content\\\/uploads\\\/2024\\\/10\\\/logo-anyfion.svg\",\"contentUrl\":\"https:\\\/\\\/www.anyfion.gr\\\/wp-content\\\/uploads\\\/2024\\\/10\\\/logo-anyfion.svg\",\"caption\":\"Anyfion\"},\"image\":{\"@id\":\"https:\\\/\\\/www.anyfion.gr\\\/de\\\/#\\\/schema\\\/logo\\\/image\\\/\"},\"sameAs\":[\"https:\\\/\\\/www.facebook.com\\\/ANYFION.GREECE\\\/\"]}]}<\/script>\n<!-- \/ Yoast SEO plugin. -->","yoast_head_json":{"title":"Kontaktieren Sie uns - ANYFION","robots":{"index":"index","follow":"follow","max-snippet":"max-snippet:-1","max-image-preview":"max-image-preview:large","max-video-preview":"max-video-preview:-1"},"canonical":"https:\/\/www.anyfion.gr\/de\/kontaktieren-sie-uns\/","og_locale":"de_DE","og_type":"article","og_title":"Kontaktieren Sie uns - ANYFION","og_url":"https:\/\/www.anyfion.gr\/de\/kontaktieren-sie-uns\/","og_site_name":"ANYFION","article_publisher":"https:\/\/www.facebook.com\/ANYFION.GREECE\/","article_modified_time":"2025-05-28T13:31:41+00:00","og_image":[{"width":1200,"height":675,"url":"https:\/\/www.anyfion.gr\/wp-content\/uploads\/2024\/12\/photo-dev-1.png","type":"image\/png"}],"twitter_card":"summary_large_image","schema":{"@context":"https:\/\/schema.org","@graph":[{"@type":"WebPage","@id":"https:\/\/www.anyfion.gr\/de\/kontaktieren-sie-uns\/","url":"https:\/\/www.anyfion.gr\/de\/kontaktieren-sie-uns\/","name":"Kontaktieren Sie uns - ANYFION","isPartOf":{"@id":"https:\/\/www.anyfion.gr\/de\/#website"},"datePublished":"2024-11-14T10:44:09+00:00","dateModified":"2025-05-28T13:31:41+00:00","breadcrumb":{"@id":"https:\/\/www.anyfion.gr\/de\/kontaktieren-sie-uns\/#breadcrumb"},"inLanguage":"de","potentialAction":[{"@type":"ReadAction","target":["https:\/\/www.anyfion.gr\/de\/kontaktieren-sie-uns\/"]}]},{"@type":"BreadcrumbList","@id":"https:\/\/www.anyfion.gr\/de\/kontaktieren-sie-uns\/#breadcrumb","itemListElement":[{"@type":"ListItem","position":1,"name":"Home","item":"https:\/\/www.anyfion.gr\/de\/"},{"@type":"ListItem","position":2,"name":"Kontaktieren Sie uns"}]},{"@type":"WebSite","@id":"https:\/\/www.anyfion.gr\/de\/#website","url":"https:\/\/www.anyfion.gr\/de\/","name":"ANYFION","description":"","publisher":{"@id":"https:\/\/www.anyfion.gr\/de\/#organization"},"potentialAction":[{"@type":"SearchAction","target":{"@type":"EntryPoint","urlTemplate":"https:\/\/www.anyfion.gr\/de\/?s={search_term_string}"},"query-input":{"@type":"PropertyValueSpecification","valueRequired":true,"valueName":"search_term_string"}}],"inLanguage":"de"},{"@type":"Organization","@id":"https:\/\/www.anyfion.gr\/de\/#organization","name":"Anyfion","url":"https:\/\/www.anyfion.gr\/de\/","logo":{"@type":"ImageObject","inLanguage":"de","@id":"https:\/\/www.anyfion.gr\/de\/#\/schema\/logo\/image\/","url":"https:\/\/www.anyfion.gr\/wp-content\/uploads\/2024\/10\/logo-anyfion.svg","contentUrl":"https:\/\/www.anyfion.gr\/wp-content\/uploads\/2024\/10\/logo-anyfion.svg","caption":"Anyfion"},"image":{"@id":"https:\/\/www.anyfion.gr\/de\/#\/schema\/logo\/image\/"},"sameAs":["https:\/\/www.facebook.com\/ANYFION.GREECE\/"]}]}},"_links":{"self":[{"href":"https:\/\/www.anyfion.gr\/de\/wp-json\/wp\/v2\/pages\/2461","targetHints":{"allow":["GET"]}}],"collection":[{"href":"https:\/\/www.anyfion.gr\/de\/wp-json\/wp\/v2\/pages"}],"about":[{"href":"https:\/\/www.anyfion.gr\/de\/wp-json\/wp\/v2\/types\/page"}],"author":[{"embeddable":true,"href":"https:\/\/www.anyfion.gr\/de\/wp-json\/wp\/v2\/users\/1"}],"replies":[{"embeddable":true,"href":"https:\/\/www.anyfion.gr\/de\/wp-json\/wp\/v2\/comments?post=2461"}],"version-history":[{"count":1,"href":"https:\/\/www.anyfion.gr\/de\/wp-json\/wp\/v2\/pages\/2461\/revisions"}],"predecessor-version":[{"id":2462,"href":"https:\/\/www.anyfion.gr\/de\/wp-json\/wp\/v2\/pages\/2461\/revisions\/2462"}],"wp:attachment":[{"href":"https:\/\/www.anyfion.gr\/de\/wp-json\/wp\/v2\/media?parent=2461"}],"curies":[{"name":"wp","href":"https:\/\/api.w.org\/{rel}","templated":true}]}}