{"id":2449,"date":"2024-11-15T14:15:38","date_gmt":"2024-11-15T14:15:38","guid":{"rendered":"https:\/\/www.anyfion.gr\/nachhaltige-entwicklung\/forschung-innovation\/"},"modified":"2025-04-09T12:36:11","modified_gmt":"2025-04-09T12:36:11","slug":"forschung-innovation","status":"publish","type":"page","link":"https:\/\/www.anyfion.gr\/de\/nachhaltige-entwicklung\/forschung-innovation\/","title":{"rendered":"Forschung &#038; Innovation"},"content":{"rendered":"\n<p>Innovation treibt die Zukunft von ANYFION voran. Wir f\u00fchren eigene Forschungen durch und arbeiten mit Forschungsinstituten zusammen, sind fr\u00fche Anwender neuer Technologien, um die landwirtschaftliche Nachhaltigkeit und Produktivit\u00e4t zu steigern und unsere Lieferkette zu verbessern.<\/p>\n","protected":false},"excerpt":{"rendered":"<p>Innovation treibt die Zukunft von ANYFION voran. Wir f\u00fchren eigene Forschungen durch und arbeiten mit Forschungsinstituten zusammen, sind fr\u00fche Anwender neuer Technologien, um die landwirtschaftliche Nachhaltigkeit und Produktivit\u00e4t zu steigern und unsere Lieferkette zu verbessern.<\/p>\n","protected":false},"author":1,"featured_media":2024,"parent":2445,"menu_order":0,"comment_status":"closed","ping_status":"closed","template":"template-research-innovation.php","meta":{"_acf_changed":false,"footnotes":""},"class_list":["post-2449","page","type-page","status-publish","has-post-thumbnail","hentry"],"acf":[],"yoast_head":"<!-- This site is optimized with the Yoast SEO plugin v27.3 - https:\/\/yoast.com\/product\/yoast-seo-wordpress\/ -->\n<title>Forschung &amp; Innovation - ANYFION<\/title>\n<meta name=\"description\" content=\"We conduct research on our own and in collaboration with research institutes, are early adopters of new technologies\" \/>\n<meta name=\"robots\" content=\"index, follow, max-snippet:-1, max-image-preview:large, max-video-preview:-1\" \/>\n<link rel=\"canonical\" href=\"https:\/\/www.anyfion.gr\/de\/nachhaltige-entwicklung\/forschung-innovation\/\" \/>\n<meta property=\"og:locale\" content=\"de_DE\" \/>\n<meta property=\"og:type\" content=\"article\" \/>\n<meta property=\"og:title\" content=\"Forschung &amp; Innovation - ANYFION\" \/>\n<meta property=\"og:description\" content=\"We conduct research on our own and in collaboration with research institutes, are early adopters of new technologies\" \/>\n<meta property=\"og:url\" content=\"https:\/\/www.anyfion.gr\/de\/nachhaltige-entwicklung\/forschung-innovation\/\" \/>\n<meta property=\"og:site_name\" content=\"ANYFION\" \/>\n<meta property=\"article:publisher\" content=\"https:\/\/www.facebook.com\/ANYFION.GREECE\/\" \/>\n<meta property=\"article:modified_time\" content=\"2025-04-09T12:36:11+00:00\" \/>\n<meta property=\"og:image\" content=\"https:\/\/www.anyfion.gr\/wp-content\/uploads\/2024\/11\/d14d34b907e59eb54206ffd1a78378e143755b47-scaled.jpg\" \/>\n\t<meta property=\"og:image:width\" content=\"2560\" \/>\n\t<meta property=\"og:image:height\" content=\"1707\" \/>\n\t<meta property=\"og:image:type\" content=\"image\/jpeg\" \/>\n<meta name=\"twitter:card\" content=\"summary_large_image\" \/>\n<meta name=\"twitter:label1\" content=\"Gesch\u00e4tzte Lesezeit\" \/>\n\t<meta name=\"twitter:data1\" content=\"1\u00a0Minute\" \/>\n<script type=\"application\/ld+json\" class=\"yoast-schema-graph\">{\"@context\":\"https:\\\/\\\/schema.org\",\"@graph\":[{\"@type\":\"WebPage\",\"@id\":\"https:\\\/\\\/www.anyfion.gr\\\/de\\\/nachhaltige-entwicklung\\\/forschung-innovation\\\/\",\"url\":\"https:\\\/\\\/www.anyfion.gr\\\/de\\\/nachhaltige-entwicklung\\\/forschung-innovation\\\/\",\"name\":\"Forschung & Innovation - ANYFION\",\"isPartOf\":{\"@id\":\"https:\\\/\\\/www.anyfion.gr\\\/de\\\/#website\"},\"primaryImageOfPage\":{\"@id\":\"https:\\\/\\\/www.anyfion.gr\\\/de\\\/nachhaltige-entwicklung\\\/forschung-innovation\\\/#primaryimage\"},\"image\":{\"@id\":\"https:\\\/\\\/www.anyfion.gr\\\/de\\\/nachhaltige-entwicklung\\\/forschung-innovation\\\/#primaryimage\"},\"thumbnailUrl\":\"https:\\\/\\\/www.anyfion.gr\\\/wp-content\\\/uploads\\\/2024\\\/11\\\/d14d34b907e59eb54206ffd1a78378e143755b47-scaled.jpg\",\"datePublished\":\"2024-11-15T14:15:38+00:00\",\"dateModified\":\"2025-04-09T12:36:11+00:00\",\"description\":\"We conduct research on our own and in collaboration with research institutes, are early adopters of new technologies\",\"breadcrumb\":{\"@id\":\"https:\\\/\\\/www.anyfion.gr\\\/de\\\/nachhaltige-entwicklung\\\/forschung-innovation\\\/#breadcrumb\"},\"inLanguage\":\"de\",\"potentialAction\":[{\"@type\":\"ReadAction\",\"target\":[\"https:\\\/\\\/www.anyfion.gr\\\/de\\\/nachhaltige-entwicklung\\\/forschung-innovation\\\/\"]}]},{\"@type\":\"ImageObject\",\"inLanguage\":\"de\",\"@id\":\"https:\\\/\\\/www.anyfion.gr\\\/de\\\/nachhaltige-entwicklung\\\/forschung-innovation\\\/#primaryimage\",\"url\":\"https:\\\/\\\/www.anyfion.gr\\\/wp-content\\\/uploads\\\/2024\\\/11\\\/d14d34b907e59eb54206ffd1a78378e143755b47-scaled.jpg\",\"contentUrl\":\"https:\\\/\\\/www.anyfion.gr\\\/wp-content\\\/uploads\\\/2024\\\/11\\\/d14d34b907e59eb54206ffd1a78378e143755b47-scaled.jpg\",\"width\":2560,\"height\":1707,\"caption\":\"Blue hydraulic equipment close up. Levers for operating hydraulic equipment. Fragment of a blue hydraulic press. Machine tool for heavy industry. Concept - mechanical engineering.\"},{\"@type\":\"BreadcrumbList\",\"@id\":\"https:\\\/\\\/www.anyfion.gr\\\/de\\\/nachhaltige-entwicklung\\\/forschung-innovation\\\/#breadcrumb\",\"itemListElement\":[{\"@type\":\"ListItem\",\"position\":1,\"name\":\"Home\",\"item\":\"https:\\\/\\\/www.anyfion.gr\\\/de\\\/\"},{\"@type\":\"ListItem\",\"position\":2,\"name\":\"Nachhaltige Entwicklung\",\"item\":\"https:\\\/\\\/www.anyfion.gr\\\/de\\\/nachhaltige-entwicklung\\\/\"},{\"@type\":\"ListItem\",\"position\":3,\"name\":\"Forschung &#038; Innovation\"}]},{\"@type\":\"WebSite\",\"@id\":\"https:\\\/\\\/www.anyfion.gr\\\/de\\\/#website\",\"url\":\"https:\\\/\\\/www.anyfion.gr\\\/de\\\/\",\"name\":\"ANYFION\",\"description\":\"\",\"publisher\":{\"@id\":\"https:\\\/\\\/www.anyfion.gr\\\/de\\\/#organization\"},\"potentialAction\":[{\"@type\":\"SearchAction\",\"target\":{\"@type\":\"EntryPoint\",\"urlTemplate\":\"https:\\\/\\\/www.anyfion.gr\\\/de\\\/?s={search_term_string}\"},\"query-input\":{\"@type\":\"PropertyValueSpecification\",\"valueRequired\":true,\"valueName\":\"search_term_string\"}}],\"inLanguage\":\"de\"},{\"@type\":\"Organization\",\"@id\":\"https:\\\/\\\/www.anyfion.gr\\\/de\\\/#organization\",\"name\":\"Anyfion\",\"url\":\"https:\\\/\\\/www.anyfion.gr\\\/de\\\/\",\"logo\":{\"@type\":\"ImageObject\",\"inLanguage\":\"de\",\"@id\":\"https:\\\/\\\/www.anyfion.gr\\\/de\\\/#\\\/schema\\\/logo\\\/image\\\/\",\"url\":\"https:\\\/\\\/www.anyfion.gr\\\/wp-content\\\/uploads\\\/2024\\\/10\\\/logo-anyfion.svg\",\"contentUrl\":\"https:\\\/\\\/www.anyfion.gr\\\/wp-content\\\/uploads\\\/2024\\\/10\\\/logo-anyfion.svg\",\"caption\":\"Anyfion\"},\"image\":{\"@id\":\"https:\\\/\\\/www.anyfion.gr\\\/de\\\/#\\\/schema\\\/logo\\\/image\\\/\"},\"sameAs\":[\"https:\\\/\\\/www.facebook.com\\\/ANYFION.GREECE\\\/\"]}]}<\/script>\n<!-- \/ Yoast SEO plugin. -->","yoast_head_json":{"title":"Forschung & Innovation - ANYFION","description":"We conduct research on our own and in collaboration with research institutes, are early adopters of new technologies","robots":{"index":"index","follow":"follow","max-snippet":"max-snippet:-1","max-image-preview":"max-image-preview:large","max-video-preview":"max-video-preview:-1"},"canonical":"https:\/\/www.anyfion.gr\/de\/nachhaltige-entwicklung\/forschung-innovation\/","og_locale":"de_DE","og_type":"article","og_title":"Forschung & Innovation - ANYFION","og_description":"We conduct research on our own and in collaboration with research institutes, are early adopters of new technologies","og_url":"https:\/\/www.anyfion.gr\/de\/nachhaltige-entwicklung\/forschung-innovation\/","og_site_name":"ANYFION","article_publisher":"https:\/\/www.facebook.com\/ANYFION.GREECE\/","article_modified_time":"2025-04-09T12:36:11+00:00","og_image":[{"width":2560,"height":1707,"url":"https:\/\/www.anyfion.gr\/wp-content\/uploads\/2024\/11\/d14d34b907e59eb54206ffd1a78378e143755b47-scaled.jpg","type":"image\/jpeg"}],"twitter_card":"summary_large_image","twitter_misc":{"Gesch\u00e4tzte Lesezeit":"1\u00a0Minute"},"schema":{"@context":"https:\/\/schema.org","@graph":[{"@type":"WebPage","@id":"https:\/\/www.anyfion.gr\/de\/nachhaltige-entwicklung\/forschung-innovation\/","url":"https:\/\/www.anyfion.gr\/de\/nachhaltige-entwicklung\/forschung-innovation\/","name":"Forschung & Innovation - ANYFION","isPartOf":{"@id":"https:\/\/www.anyfion.gr\/de\/#website"},"primaryImageOfPage":{"@id":"https:\/\/www.anyfion.gr\/de\/nachhaltige-entwicklung\/forschung-innovation\/#primaryimage"},"image":{"@id":"https:\/\/www.anyfion.gr\/de\/nachhaltige-entwicklung\/forschung-innovation\/#primaryimage"},"thumbnailUrl":"https:\/\/www.anyfion.gr\/wp-content\/uploads\/2024\/11\/d14d34b907e59eb54206ffd1a78378e143755b47-scaled.jpg","datePublished":"2024-11-15T14:15:38+00:00","dateModified":"2025-04-09T12:36:11+00:00","description":"We conduct research on our own and in collaboration with research institutes, are early adopters of new technologies","breadcrumb":{"@id":"https:\/\/www.anyfion.gr\/de\/nachhaltige-entwicklung\/forschung-innovation\/#breadcrumb"},"inLanguage":"de","potentialAction":[{"@type":"ReadAction","target":["https:\/\/www.anyfion.gr\/de\/nachhaltige-entwicklung\/forschung-innovation\/"]}]},{"@type":"ImageObject","inLanguage":"de","@id":"https:\/\/www.anyfion.gr\/de\/nachhaltige-entwicklung\/forschung-innovation\/#primaryimage","url":"https:\/\/www.anyfion.gr\/wp-content\/uploads\/2024\/11\/d14d34b907e59eb54206ffd1a78378e143755b47-scaled.jpg","contentUrl":"https:\/\/www.anyfion.gr\/wp-content\/uploads\/2024\/11\/d14d34b907e59eb54206ffd1a78378e143755b47-scaled.jpg","width":2560,"height":1707,"caption":"Blue hydraulic equipment close up. Levers for operating hydraulic equipment. Fragment of a blue hydraulic press. Machine tool for heavy industry. Concept - mechanical engineering."},{"@type":"BreadcrumbList","@id":"https:\/\/www.anyfion.gr\/de\/nachhaltige-entwicklung\/forschung-innovation\/#breadcrumb","itemListElement":[{"@type":"ListItem","position":1,"name":"Home","item":"https:\/\/www.anyfion.gr\/de\/"},{"@type":"ListItem","position":2,"name":"Nachhaltige Entwicklung","item":"https:\/\/www.anyfion.gr\/de\/nachhaltige-entwicklung\/"},{"@type":"ListItem","position":3,"name":"Forschung &#038; Innovation"}]},{"@type":"WebSite","@id":"https:\/\/www.anyfion.gr\/de\/#website","url":"https:\/\/www.anyfion.gr\/de\/","name":"ANYFION","description":"","publisher":{"@id":"https:\/\/www.anyfion.gr\/de\/#organization"},"potentialAction":[{"@type":"SearchAction","target":{"@type":"EntryPoint","urlTemplate":"https:\/\/www.anyfion.gr\/de\/?s={search_term_string}"},"query-input":{"@type":"PropertyValueSpecification","valueRequired":true,"valueName":"search_term_string"}}],"inLanguage":"de"},{"@type":"Organization","@id":"https:\/\/www.anyfion.gr\/de\/#organization","name":"Anyfion","url":"https:\/\/www.anyfion.gr\/de\/","logo":{"@type":"ImageObject","inLanguage":"de","@id":"https:\/\/www.anyfion.gr\/de\/#\/schema\/logo\/image\/","url":"https:\/\/www.anyfion.gr\/wp-content\/uploads\/2024\/10\/logo-anyfion.svg","contentUrl":"https:\/\/www.anyfion.gr\/wp-content\/uploads\/2024\/10\/logo-anyfion.svg","caption":"Anyfion"},"image":{"@id":"https:\/\/www.anyfion.gr\/de\/#\/schema\/logo\/image\/"},"sameAs":["https:\/\/www.facebook.com\/ANYFION.GREECE\/"]}]}},"_links":{"self":[{"href":"https:\/\/www.anyfion.gr\/de\/wp-json\/wp\/v2\/pages\/2449","targetHints":{"allow":["GET"]}}],"collection":[{"href":"https:\/\/www.anyfion.gr\/de\/wp-json\/wp\/v2\/pages"}],"about":[{"href":"https:\/\/www.anyfion.gr\/de\/wp-json\/wp\/v2\/types\/page"}],"author":[{"embeddable":true,"href":"https:\/\/www.anyfion.gr\/de\/wp-json\/wp\/v2\/users\/1"}],"replies":[{"embeddable":true,"href":"https:\/\/www.anyfion.gr\/de\/wp-json\/wp\/v2\/comments?post=2449"}],"version-history":[{"count":4,"href":"https:\/\/www.anyfion.gr\/de\/wp-json\/wp\/v2\/pages\/2449\/revisions"}],"predecessor-version":[{"id":2600,"href":"https:\/\/www.anyfion.gr\/de\/wp-json\/wp\/v2\/pages\/2449\/revisions\/2600"}],"up":[{"embeddable":true,"href":"https:\/\/www.anyfion.gr\/de\/wp-json\/wp\/v2\/pages\/2445"}],"wp:featuredmedia":[{"embeddable":true,"href":"https:\/\/www.anyfion.gr\/de\/wp-json\/wp\/v2\/media\/2024"}],"wp:attachment":[{"href":"https:\/\/www.anyfion.gr\/de\/wp-json\/wp\/v2\/media?parent=2449"}],"curies":[{"name":"wp","href":"https:\/\/api.w.org\/{rel}","templated":true}]}}